{"id":46,"date":"2019-03-28T19:56:04","date_gmt":"2019-03-28T18:56:04","guid":{"rendered":"http:\/\/europe.pyramestate.eu\/?page_id=46"},"modified":"2020-01-14T18:20:11","modified_gmt":"2020-01-14T17:20:11","slug":"descriptif","status":"publish","type":"page","link":"http:\/\/europe.pyramestate.eu\/?page_id=46","title":{"rendered":"A vendre avenue Churchill, Uccle"},"content":{"rendered":"\n<figure class=\"wp-block-image\"><img loading=\"lazy\" width=\"640\" height=\"426\" src=\"http:\/\/europe.pyramestate.eu\/wp-content\/uploads\/2019\/03\/240Chur_03.jpg\" alt=\"\" class=\"wp-image-50\" srcset=\"http:\/\/europe.pyramestate.eu\/wp-content\/uploads\/2019\/03\/240Chur_03.jpg 640w, http:\/\/europe.pyramestate.eu\/wp-content\/uploads\/2019\/03\/240Chur_03-300x200.jpg 300w\" sizes=\"(max-width: 640px) 85vw, 640px\" \/><figcaption>avvenue Winston Churchill<\/figcaption><\/figure>\n\n\n\n<p> Dans l&rsquo;une des avenues les plus r\u00e9sidentielles d&rsquo;Uccle, appartement au 5<sup>\u00e8me<\/sup> \u00e9tage sur 6 d&rsquo;un b\u00e2timent construit en 1955. Un seul appartement par plateau. Ascenseur aux normes <br>Environ 200 m<sup>2<\/sup> net , ( 20,12 m X 11,42m ) enti\u00e8rement  r\u00e9nov\u00e9 avec des mat\u00e9riaux luxueux tels le marbre blanc de Carare,  cuisine et salle de bains de qualit\u00e9. <br>Porte blind\u00e9e et hall de pr\u00e8s de 9m<sup>2<\/sup>. WC visiteurs et vestiaire. <br>Acc\u00e8s s\u00e9jour en marbre blanc et noir en fa\u00e7ade . El\u00e9ments art d\u00e9co.  Grand living sur toute la largeur de l&rsquo;immeuble, soit 10,50m m x 5,17m  plus c\u00f4t\u00e9 en L, un soit total de 67,5 m<sup>2<\/sup>. Feu ouvert. <br>Salle \u00e0 manger de 19, 30 m<sup>2<\/sup> c\u00f4t\u00e9 cuisine, le hall de nuit distribue sur une tr\u00e8s belle salle de bains en marbre, bain et douche ( 11,2 m<sup>2<\/sup> ) puis deux chambres de respectivement 20,44 m<sup>2<\/sup> et 14,25 m<sup>2<\/sup>. Cette derni\u00e8re a de grands placards int\u00e9gr\u00e9s. Grand balcon ou terrasse c\u00f4t\u00e9 jardin : 6,3 x 1,4 m. <br>PEB indice E + ce qui est plut\u00f4t bien. Cet indice ne tient pas  compte de l&rsquo;enti\u00e8re r\u00e9novation de la chaufferie, soit Viessmann au gaz,  dernier cri. <br>Ch\u00e2ssis doubles vitrage tr\u00e8s isolants, calorifuges et acoustiques. <br>Charges de l&rsquo;ordre de 400 \u20ac \/mois, chauffage, charges communes compris.  <\/p>\n\n\n\n<p>Prix de vente \u00e0 d\u00e9terminer. Demand\u00e9 770 000\u20ac<\/p>\n","protected":false},"excerpt":{"rendered":"<p>Dans l&rsquo;une des avenues les plus r\u00e9sidentielles d&rsquo;Uccle, appartement au 5\u00e8me \u00e9tage sur 6 d&rsquo;un b\u00e2timent construit en 1955. Un seul appartement par plateau. Ascenseur aux normes Environ 200 m2 net , ( 20,12 m X 11,42m ) enti\u00e8rement r\u00e9nov\u00e9 avec des mat\u00e9riaux luxueux tels le marbre blanc de Carare, cuisine et salle de bains &hellip; <a href=\"http:\/\/europe.pyramestate.eu\/?page_id=46\" class=\"more-link\">Continuer la lecture<span class=\"screen-reader-text\"> de &laquo;&nbsp;A vendre avenue Churchill, Uccle&nbsp;&raquo;<\/span><\/a><\/p>\n","protected":false},"author":1,"featured_media":0,"parent":0,"menu_order":0,"comment_status":"closed","ping_status":"closed","template":"","meta":[],"_links":{"self":[{"href":"http:\/\/europe.pyramestate.eu\/index.php?rest_route=\/wp\/v2\/pages\/46"}],"collection":[{"href":"http:\/\/europe.pyramestate.eu\/index.php?rest_route=\/wp\/v2\/pages"}],"about":[{"href":"http:\/\/europe.pyramestate.eu\/index.php?rest_route=\/wp\/v2\/types\/page"}],"author":[{"embeddable":true,"href":"http:\/\/europe.pyramestate.eu\/index.php?rest_route=\/wp\/v2\/users\/1"}],"replies":[{"embeddable":true,"href":"http:\/\/europe.pyramestate.eu\/index.php?rest_route=%2Fwp%2Fv2%2Fcomments&post=46"}],"version-history":[{"count":6,"href":"http:\/\/europe.pyramestate.eu\/index.php?rest_route=\/wp\/v2\/pages\/46\/revisions"}],"predecessor-version":[{"id":101,"href":"http:\/\/europe.pyramestate.eu\/index.php?rest_route=\/wp\/v2\/pages\/46\/revisions\/101"}],"wp:attachment":[{"href":"http:\/\/europe.pyramestate.eu\/index.php?rest_route=%2Fwp%2Fv2%2Fmedia&parent=46"}],"curies":[{"name":"wp","href":"https:\/\/api.w.org\/{rel}","templated":true}]}}