{"id":32,"date":"2019-03-26T19:31:36","date_gmt":"2019-03-26T18:31:36","guid":{"rendered":"http:\/\/europe.pyramestate.eu\/?page_id=32"},"modified":"2021-08-18T21:20:33","modified_gmt":"2021-08-18T19:20:33","slug":"pyramid-realty","status":"publish","type":"page","link":"http:\/\/europe.pyramestate.eu\/","title":{"rendered":"Pyramestate"},"content":{"rendered":"\n<p>En France ou en Belgique nous sommes \u00e0 votre disposition pour r\u00e9aliser vos projets immobiliers<\/p>\n\n\n\n<figure class=\"wp-block-image size-full\"><img loading=\"lazy\" width=\"640\" height=\"432\" src=\"http:\/\/europe.pyramestate.eu\/wp-content\/uploads\/2021\/08\/CorsavR_11.jpg\" alt=\"\" class=\"wp-image-241\" srcset=\"http:\/\/europe.pyramestate.eu\/wp-content\/uploads\/2021\/08\/CorsavR_11.jpg 640w, http:\/\/europe.pyramestate.eu\/wp-content\/uploads\/2021\/08\/CorsavR_11-300x203.jpg 300w\" sizes=\"(max-width: 640px) 85vw, 640px\" \/><\/figure>\n\n\n\n<p>Exemple de propri\u00e9t\u00e9 vendue par PYRAMESTATE<\/p>\n\n\n\n<p>Ce que vous \u00eates en droit d&rsquo;attendre:<\/p>\n\n\n\n<ul><li>  Un service de qualit\u00e9, dynamique et diligent. <\/li><li>Une bonne connaissance du march\u00e9.<\/li><li>Des prix concurrentiels. <\/li><li>Des estimations ou conseils gratuits sans engagement de votre part. <\/li><li>Une comp\u00e9tence pour vous assister dans la pr\u00e9paration de votre financement.<\/li><\/ul>\n\n\n\n<figure class=\"wp-block-gallery columns-0 is-cropped\"><ul class=\"blocks-gallery-grid\"><\/ul><\/figure>\n","protected":false},"excerpt":{"rendered":"<p>En France ou en Belgique nous sommes \u00e0 votre disposition pour r\u00e9aliser vos projets immobiliers Exemple de propri\u00e9t\u00e9 vendue par PYRAMESTATE Ce que vous \u00eates en droit d&rsquo;attendre: Un service de qualit\u00e9, dynamique et diligent. Une bonne connaissance du march\u00e9. Des prix concurrentiels. Des estimations ou conseils gratuits sans engagement de votre part. Une comp\u00e9tence &hellip; <a href=\"http:\/\/europe.pyramestate.eu\/\" class=\"more-link\">Continuer la lecture<span class=\"screen-reader-text\"> de &laquo;&nbsp;Pyramestate&nbsp;&raquo;<\/span><\/a><\/p>\n","protected":false},"author":1,"featured_media":0,"parent":0,"menu_order":0,"comment_status":"closed","ping_status":"closed","template":"","meta":[],"_links":{"self":[{"href":"http:\/\/europe.pyramestate.eu\/index.php?rest_route=\/wp\/v2\/pages\/32"}],"collection":[{"href":"http:\/\/europe.pyramestate.eu\/index.php?rest_route=\/wp\/v2\/pages"}],"about":[{"href":"http:\/\/europe.pyramestate.eu\/index.php?rest_route=\/wp\/v2\/types\/page"}],"author":[{"embeddable":true,"href":"http:\/\/europe.pyramestate.eu\/index.php?rest_route=\/wp\/v2\/users\/1"}],"replies":[{"embeddable":true,"href":"http:\/\/europe.pyramestate.eu\/index.php?rest_route=%2Fwp%2Fv2%2Fcomments&post=32"}],"version-history":[{"count":11,"href":"http:\/\/europe.pyramestate.eu\/index.php?rest_route=\/wp\/v2\/pages\/32\/revisions"}],"predecessor-version":[{"id":243,"href":"http:\/\/europe.pyramestate.eu\/index.php?rest_route=\/wp\/v2\/pages\/32\/revisions\/243"}],"wp:attachment":[{"href":"http:\/\/europe.pyramestate.eu\/index.php?rest_route=%2Fwp%2Fv2%2Fmedia&parent=32"}],"curies":[{"name":"wp","href":"https:\/\/api.w.org\/{rel}","templated":true}]}}