{"id":207,"date":"2021-08-18T20:21:47","date_gmt":"2021-08-18T18:21:47","guid":{"rendered":"http:\/\/europe.pyramestate.eu\/?page_id=207"},"modified":"2021-08-18T21:00:29","modified_gmt":"2021-08-18T19:00:29","slug":"descriptif-villa-au-coeur-duccle","status":"publish","type":"page","link":"http:\/\/europe.pyramestate.eu\/?page_id=207","title":{"rendered":"Descriptif Villa au c\u0153ur d&rsquo;Uccle"},"content":{"rendered":"\n<p class=\"has-text-align-center\"><strong>Prix demand\u00e9 2 350 000 \u20ac<\/strong><\/p>\n\n\n\n<p>Villa situ\u00e9e pr\u00e8s du centre d&rsquo;une des communes les plus pris\u00e9es du sud-est de Bruxelles: Uccle. <\/p>\n\n\n\n<p>Construction de charme, ann\u00e9es 1930, r\u00e9nov\u00e9e par propri\u00e9taire actuel, sur terrain de fond, accessible via petit drive \u00e9clair\u00e9, avec grille fer forg\u00e9 automatique en front de la Rue E. Cavell.<\/p>\n\n\n\n<p>B\u00e2tie dans tr\u00e8s beau jardin fleuri et arbor\u00e9 de 23 ares. Habitable de 350 m\u00b2. Garage s\u00e9par\u00e9 en briques et emplacements sur gravier pour 4 voitures. Marches en pierre bleue vers la porte d&rsquo;entr\u00e9e abrit\u00e9e. <\/p>\n\n\n\n<p>Hall distribue sur salle \u00e0 manger et double salon avec feu ouvert cassette. Prolongeant l&rsquo;entr\u00e9e: acc\u00e8s \u00e0 une belle et vaste cuisine moderne lumineuse; tr\u00e8s bien \u00e9quip\u00e9e; table \u00e0 d\u00e9jeuner; en partie en v\u00e9randa anglaise; acc\u00e8s \u00e0 une grande terrasse en pierre bleue, puis au jardin.<\/p>\n\n\n\n<p>Rez: toilette visiteurs, acc\u00e8s aux caves; chaudi\u00e8re au gaz r\u00e9cente, bonne marque, buanderie-espace lavoir, cave \u00e0 vin et r\u00e9serves.<\/p>\n\n\n\n<p>1er \u00e9tage: bureau\/biblioth\u00e8que lambriss\u00e9 de 20 m\u00b2; chambre principale avec dressing, salle de bains en suite; autre belle chambre et salle de douche et toilette.<\/p>\n\n\n\n<p>2nd \u00e9tage: 2 grandes chambres de 20 m\u00b2 chacune, l\u00e9g\u00e8rement mansard\u00e9es, avec salle d&rsquo;eau et toilette.<\/p>\n\n\n\n<p>Alarme, doubles vitrages. Toiture neuve, isol\u00e9e.<\/p>\n\n\n\n<p>Proximit\u00e9 des transports publics, magasins, galeries commer\u00e7antes, clubs de sport (Racing, L\u00e9opold), Bois. Nombreux restaurants de qualit\u00e9, diverses \u00e9coles (Ecole europ\u00e9enne et Lyc\u00e9e fran\u00e7ais).<\/p>\n\n\n\n<p>Vente pour d\u00e9part \u00e0 l&rsquo;\u00e9tranger, libre \u00e0 l&rsquo;acte prix peu ou pas n\u00e9gociable.<\/p>\n\n\n\n<p>NB actuellement, et ce depuis des ann\u00e9es, un couple de Philippins s&rsquo;occupent mani\u00e8re tr\u00e8s satisfaisante et \u00e0 des conditions de r\u00e9mun\u00e9ration raisonnables de divers travaux d&rsquo;entretien, jardin etc.<\/p>\n\n\n\n<p>Contacter info@pyramestate.eu ou +32 499 235 118<\/p>\n\n\n\n<figure class=\"wp-block-gallery columns-3 is-cropped\"><ul class=\"blocks-gallery-grid\"><li class=\"blocks-gallery-item\"><figure><img loading=\"lazy\" width=\"640\" height=\"426\" src=\"http:\/\/europe.pyramestate.eu\/wp-content\/uploads\/2021\/08\/Uccle_05.jpg\" alt=\"\" data-id=\"216\" data-full-url=\"http:\/\/europe.pyramestate.eu\/wp-content\/uploads\/2021\/08\/Uccle_05.jpg\" data-link=\"http:\/\/europe.pyramestate.eu\/?attachment_id=216\" class=\"wp-image-216\" srcset=\"http:\/\/europe.pyramestate.eu\/wp-content\/uploads\/2021\/08\/Uccle_05.jpg 640w, http:\/\/europe.pyramestate.eu\/wp-content\/uploads\/2021\/08\/Uccle_05-300x200.jpg 300w\" sizes=\"(max-width: 640px) 85vw, 640px\" \/><\/figure><\/li><li class=\"blocks-gallery-item\"><figure><img loading=\"lazy\" width=\"640\" height=\"426\" src=\"http:\/\/europe.pyramestate.eu\/wp-content\/uploads\/2021\/08\/Uccle_02.jpg\" alt=\"\" data-id=\"215\" data-full-url=\"http:\/\/europe.pyramestate.eu\/wp-content\/uploads\/2021\/08\/Uccle_02.jpg\" data-link=\"http:\/\/europe.pyramestate.eu\/?attachment_id=215\" class=\"wp-image-215\" srcset=\"http:\/\/europe.pyramestate.eu\/wp-content\/uploads\/2021\/08\/Uccle_02.jpg 640w, http:\/\/europe.pyramestate.eu\/wp-content\/uploads\/2021\/08\/Uccle_02-300x200.jpg 300w\" sizes=\"(max-width: 640px) 85vw, 640px\" \/><\/figure><\/li><li class=\"blocks-gallery-item\"><figure><img loading=\"lazy\" width=\"640\" height=\"426\" src=\"http:\/\/europe.pyramestate.eu\/wp-content\/uploads\/2021\/08\/Uccle_06.jpg\" alt=\"\" data-id=\"217\" data-full-url=\"http:\/\/europe.pyramestate.eu\/wp-content\/uploads\/2021\/08\/Uccle_06.jpg\" data-link=\"http:\/\/europe.pyramestate.eu\/?attachment_id=217\" class=\"wp-image-217\" srcset=\"http:\/\/europe.pyramestate.eu\/wp-content\/uploads\/2021\/08\/Uccle_06.jpg 640w, http:\/\/europe.pyramestate.eu\/wp-content\/uploads\/2021\/08\/Uccle_06-300x200.jpg 300w\" sizes=\"(max-width: 640px) 85vw, 640px\" \/><\/figure><\/li><li class=\"blocks-gallery-item\"><figure><img loading=\"lazy\" width=\"640\" height=\"426\" src=\"http:\/\/europe.pyramestate.eu\/wp-content\/uploads\/2021\/08\/Uccle_07.jpg\" alt=\"\" data-id=\"218\" data-full-url=\"http:\/\/europe.pyramestate.eu\/wp-content\/uploads\/2021\/08\/Uccle_07.jpg\" data-link=\"http:\/\/europe.pyramestate.eu\/?attachment_id=218\" class=\"wp-image-218\" srcset=\"http:\/\/europe.pyramestate.eu\/wp-content\/uploads\/2021\/08\/Uccle_07.jpg 640w, http:\/\/europe.pyramestate.eu\/wp-content\/uploads\/2021\/08\/Uccle_07-300x200.jpg 300w\" sizes=\"(max-width: 640px) 85vw, 640px\" \/><\/figure><\/li><li class=\"blocks-gallery-item\"><figure><img loading=\"lazy\" width=\"640\" height=\"426\" src=\"http:\/\/europe.pyramestate.eu\/wp-content\/uploads\/2021\/08\/Uccle_08.jpg\" alt=\"\" data-id=\"219\" data-full-url=\"http:\/\/europe.pyramestate.eu\/wp-content\/uploads\/2021\/08\/Uccle_08.jpg\" data-link=\"http:\/\/europe.pyramestate.eu\/?attachment_id=219\" class=\"wp-image-219\" srcset=\"http:\/\/europe.pyramestate.eu\/wp-content\/uploads\/2021\/08\/Uccle_08.jpg 640w, http:\/\/europe.pyramestate.eu\/wp-content\/uploads\/2021\/08\/Uccle_08-300x200.jpg 300w\" sizes=\"(max-width: 640px) 85vw, 640px\" \/><\/figure><\/li><li class=\"blocks-gallery-item\"><figure><img loading=\"lazy\" width=\"640\" height=\"426\" src=\"http:\/\/europe.pyramestate.eu\/wp-content\/uploads\/2021\/08\/Uccle_09.jpg\" alt=\"\" data-id=\"220\" data-full-url=\"http:\/\/europe.pyramestate.eu\/wp-content\/uploads\/2021\/08\/Uccle_09.jpg\" data-link=\"http:\/\/europe.pyramestate.eu\/?attachment_id=220\" class=\"wp-image-220\" srcset=\"http:\/\/europe.pyramestate.eu\/wp-content\/uploads\/2021\/08\/Uccle_09.jpg 640w, http:\/\/europe.pyramestate.eu\/wp-content\/uploads\/2021\/08\/Uccle_09-300x200.jpg 300w\" sizes=\"(max-width: 640px) 85vw, 640px\" \/><\/figure><\/li><li class=\"blocks-gallery-item\"><figure><img loading=\"lazy\" width=\"640\" height=\"426\" src=\"http:\/\/europe.pyramestate.eu\/wp-content\/uploads\/2021\/08\/Uccle_10.jpg\" alt=\"\" data-id=\"221\" data-full-url=\"http:\/\/europe.pyramestate.eu\/wp-content\/uploads\/2021\/08\/Uccle_10.jpg\" data-link=\"http:\/\/europe.pyramestate.eu\/?attachment_id=221\" class=\"wp-image-221\" srcset=\"http:\/\/europe.pyramestate.eu\/wp-content\/uploads\/2021\/08\/Uccle_10.jpg 640w, http:\/\/europe.pyramestate.eu\/wp-content\/uploads\/2021\/08\/Uccle_10-300x200.jpg 300w\" sizes=\"(max-width: 640px) 85vw, 640px\" \/><\/figure><\/li><li class=\"blocks-gallery-item\"><figure><img loading=\"lazy\" width=\"640\" height=\"426\" src=\"http:\/\/europe.pyramestate.eu\/wp-content\/uploads\/2021\/08\/Uccle_11.jpg\" alt=\"\" data-id=\"224\" data-full-url=\"http:\/\/europe.pyramestate.eu\/wp-content\/uploads\/2021\/08\/Uccle_11.jpg\" data-link=\"http:\/\/europe.pyramestate.eu\/?attachment_id=224\" class=\"wp-image-224\" srcset=\"http:\/\/europe.pyramestate.eu\/wp-content\/uploads\/2021\/08\/Uccle_11.jpg 640w, http:\/\/europe.pyramestate.eu\/wp-content\/uploads\/2021\/08\/Uccle_11-300x200.jpg 300w\" sizes=\"(max-width: 640px) 85vw, 640px\" \/><\/figure><\/li><li class=\"blocks-gallery-item\"><figure><img loading=\"lazy\" width=\"640\" height=\"426\" src=\"http:\/\/europe.pyramestate.eu\/wp-content\/uploads\/2021\/08\/Uccle_12-1.jpg\" alt=\"\" data-id=\"226\" data-full-url=\"http:\/\/europe.pyramestate.eu\/wp-content\/uploads\/2021\/08\/Uccle_12-1.jpg\" data-link=\"http:\/\/europe.pyramestate.eu\/?attachment_id=226\" class=\"wp-image-226\" srcset=\"http:\/\/europe.pyramestate.eu\/wp-content\/uploads\/2021\/08\/Uccle_12-1.jpg 640w, http:\/\/europe.pyramestate.eu\/wp-content\/uploads\/2021\/08\/Uccle_12-1-300x200.jpg 300w\" sizes=\"(max-width: 640px) 85vw, 640px\" \/><\/figure><\/li><li class=\"blocks-gallery-item\"><figure><img loading=\"lazy\" width=\"640\" height=\"426\" src=\"http:\/\/europe.pyramestate.eu\/wp-content\/uploads\/2021\/08\/Uccle_13.jpg\" alt=\"\" data-id=\"227\" data-full-url=\"http:\/\/europe.pyramestate.eu\/wp-content\/uploads\/2021\/08\/Uccle_13.jpg\" data-link=\"http:\/\/europe.pyramestate.eu\/?attachment_id=227\" class=\"wp-image-227\" srcset=\"http:\/\/europe.pyramestate.eu\/wp-content\/uploads\/2021\/08\/Uccle_13.jpg 640w, http:\/\/europe.pyramestate.eu\/wp-content\/uploads\/2021\/08\/Uccle_13-300x200.jpg 300w\" sizes=\"(max-width: 640px) 85vw, 640px\" \/><\/figure><\/li><li class=\"blocks-gallery-item\"><figure><img loading=\"lazy\" width=\"640\" height=\"426\" src=\"http:\/\/europe.pyramestate.eu\/wp-content\/uploads\/2021\/08\/Uccle_14.jpg\" alt=\"\" data-id=\"228\" data-full-url=\"http:\/\/europe.pyramestate.eu\/wp-content\/uploads\/2021\/08\/Uccle_14.jpg\" data-link=\"http:\/\/europe.pyramestate.eu\/?attachment_id=228\" class=\"wp-image-228\" srcset=\"http:\/\/europe.pyramestate.eu\/wp-content\/uploads\/2021\/08\/Uccle_14.jpg 640w, http:\/\/europe.pyramestate.eu\/wp-content\/uploads\/2021\/08\/Uccle_14-300x200.jpg 300w\" sizes=\"(max-width: 640px) 85vw, 640px\" \/><\/figure><\/li><li class=\"blocks-gallery-item\"><figure><img loading=\"lazy\" width=\"640\" height=\"426\" src=\"http:\/\/europe.pyramestate.eu\/wp-content\/uploads\/2021\/08\/Uccle_15.jpg\" alt=\"\" data-id=\"229\" data-full-url=\"http:\/\/europe.pyramestate.eu\/wp-content\/uploads\/2021\/08\/Uccle_15.jpg\" data-link=\"http:\/\/europe.pyramestate.eu\/?attachment_id=229\" class=\"wp-image-229\" srcset=\"http:\/\/europe.pyramestate.eu\/wp-content\/uploads\/2021\/08\/Uccle_15.jpg 640w, http:\/\/europe.pyramestate.eu\/wp-content\/uploads\/2021\/08\/Uccle_15-300x200.jpg 300w\" sizes=\"(max-width: 640px) 85vw, 640px\" \/><\/figure><\/li><li class=\"blocks-gallery-item\"><figure><img loading=\"lazy\" width=\"640\" height=\"426\" src=\"http:\/\/europe.pyramestate.eu\/wp-content\/uploads\/2021\/08\/Uccle_16.jpg\" alt=\"\" data-id=\"230\" data-full-url=\"http:\/\/europe.pyramestate.eu\/wp-content\/uploads\/2021\/08\/Uccle_16.jpg\" data-link=\"http:\/\/europe.pyramestate.eu\/?attachment_id=230\" class=\"wp-image-230\" srcset=\"http:\/\/europe.pyramestate.eu\/wp-content\/uploads\/2021\/08\/Uccle_16.jpg 640w, http:\/\/europe.pyramestate.eu\/wp-content\/uploads\/2021\/08\/Uccle_16-300x200.jpg 300w\" sizes=\"(max-width: 640px) 85vw, 640px\" \/><\/figure><\/li><li class=\"blocks-gallery-item\"><figure><img loading=\"lazy\" width=\"640\" height=\"426\" src=\"http:\/\/europe.pyramestate.eu\/wp-content\/uploads\/2021\/08\/Uccle_17.jpg\" alt=\"\" data-id=\"231\" data-full-url=\"http:\/\/europe.pyramestate.eu\/wp-content\/uploads\/2021\/08\/Uccle_17.jpg\" data-link=\"http:\/\/europe.pyramestate.eu\/?attachment_id=231\" class=\"wp-image-231\" srcset=\"http:\/\/europe.pyramestate.eu\/wp-content\/uploads\/2021\/08\/Uccle_17.jpg 640w, http:\/\/europe.pyramestate.eu\/wp-content\/uploads\/2021\/08\/Uccle_17-300x200.jpg 300w\" sizes=\"(max-width: 640px) 85vw, 640px\" \/><\/figure><\/li><li class=\"blocks-gallery-item\"><figure><img loading=\"lazy\" width=\"640\" height=\"426\" src=\"http:\/\/europe.pyramestate.eu\/wp-content\/uploads\/2021\/08\/Uccle_18.jpg\" alt=\"\" data-id=\"232\" data-full-url=\"http:\/\/europe.pyramestate.eu\/wp-content\/uploads\/2021\/08\/Uccle_18.jpg\" data-link=\"http:\/\/europe.pyramestate.eu\/?attachment_id=232\" class=\"wp-image-232\" srcset=\"http:\/\/europe.pyramestate.eu\/wp-content\/uploads\/2021\/08\/Uccle_18.jpg 640w, http:\/\/europe.pyramestate.eu\/wp-content\/uploads\/2021\/08\/Uccle_18-300x200.jpg 300w\" sizes=\"(max-width: 640px) 85vw, 640px\" \/><\/figure><\/li><li class=\"blocks-gallery-item\"><figure><img loading=\"lazy\" width=\"640\" height=\"426\" src=\"http:\/\/europe.pyramestate.eu\/wp-content\/uploads\/2021\/08\/Uccle_19.jpg\" alt=\"\" data-id=\"233\" data-full-url=\"http:\/\/europe.pyramestate.eu\/wp-content\/uploads\/2021\/08\/Uccle_19.jpg\" data-link=\"http:\/\/europe.pyramestate.eu\/?attachment_id=233\" class=\"wp-image-233\" srcset=\"http:\/\/europe.pyramestate.eu\/wp-content\/uploads\/2021\/08\/Uccle_19.jpg 640w, http:\/\/europe.pyramestate.eu\/wp-content\/uploads\/2021\/08\/Uccle_19-300x200.jpg 300w\" sizes=\"(max-width: 640px) 85vw, 640px\" \/><\/figure><\/li><li class=\"blocks-gallery-item\"><figure><img loading=\"lazy\" width=\"640\" height=\"426\" src=\"http:\/\/europe.pyramestate.eu\/wp-content\/uploads\/2021\/08\/Uccle_20.jpg\" alt=\"\" data-id=\"234\" data-full-url=\"http:\/\/europe.pyramestate.eu\/wp-content\/uploads\/2021\/08\/Uccle_20.jpg\" data-link=\"http:\/\/europe.pyramestate.eu\/?attachment_id=234\" class=\"wp-image-234\" srcset=\"http:\/\/europe.pyramestate.eu\/wp-content\/uploads\/2021\/08\/Uccle_20.jpg 640w, http:\/\/europe.pyramestate.eu\/wp-content\/uploads\/2021\/08\/Uccle_20-300x200.jpg 300w\" sizes=\"(max-width: 640px) 85vw, 640px\" \/><\/figure><\/li><li class=\"blocks-gallery-item\"><figure><img loading=\"lazy\" width=\"640\" height=\"426\" src=\"http:\/\/europe.pyramestate.eu\/wp-content\/uploads\/2021\/08\/Uccle_21.jpg\" alt=\"\" data-id=\"235\" data-full-url=\"http:\/\/europe.pyramestate.eu\/wp-content\/uploads\/2021\/08\/Uccle_21.jpg\" data-link=\"http:\/\/europe.pyramestate.eu\/?attachment_id=235\" class=\"wp-image-235\" srcset=\"http:\/\/europe.pyramestate.eu\/wp-content\/uploads\/2021\/08\/Uccle_21.jpg 640w, http:\/\/europe.pyramestate.eu\/wp-content\/uploads\/2021\/08\/Uccle_21-300x200.jpg 300w\" sizes=\"(max-width: 640px) 85vw, 640px\" \/><\/figure><\/li><\/ul><\/figure>\n","protected":false},"excerpt":{"rendered":"<p>Prix demand\u00e9 2 350 000 \u20ac Villa situ\u00e9e pr\u00e8s du centre d&rsquo;une des communes les plus pris\u00e9es du sud-est de Bruxelles: Uccle. Construction de charme, ann\u00e9es 1930, r\u00e9nov\u00e9e par propri\u00e9taire actuel, sur terrain de fond, accessible via petit drive \u00e9clair\u00e9, avec grille fer forg\u00e9 automatique en front de la Rue E. Cavell. B\u00e2tie dans tr\u00e8s &hellip; <a href=\"http:\/\/europe.pyramestate.eu\/?page_id=207\" class=\"more-link\">Continuer la lecture<span class=\"screen-reader-text\"> de &laquo;&nbsp;Descriptif Villa au c\u0153ur d&rsquo;Uccle&nbsp;&raquo;<\/span><\/a><\/p>\n","protected":false},"author":1,"featured_media":0,"parent":0,"menu_order":0,"comment_status":"closed","ping_status":"closed","template":"","meta":[],"_links":{"self":[{"href":"http:\/\/europe.pyramestate.eu\/index.php?rest_route=\/wp\/v2\/pages\/207"}],"collection":[{"href":"http:\/\/europe.pyramestate.eu\/index.php?rest_route=\/wp\/v2\/pages"}],"about":[{"href":"http:\/\/europe.pyramestate.eu\/index.php?rest_route=\/wp\/v2\/types\/page"}],"author":[{"embeddable":true,"href":"http:\/\/europe.pyramestate.eu\/index.php?rest_route=\/wp\/v2\/users\/1"}],"replies":[{"embeddable":true,"href":"http:\/\/europe.pyramestate.eu\/index.php?rest_route=%2Fwp%2Fv2%2Fcomments&post=207"}],"version-history":[{"count":4,"href":"http:\/\/europe.pyramestate.eu\/index.php?rest_route=\/wp\/v2\/pages\/207\/revisions"}],"predecessor-version":[{"id":239,"href":"http:\/\/europe.pyramestate.eu\/index.php?rest_route=\/wp\/v2\/pages\/207\/revisions\/239"}],"wp:attachment":[{"href":"http:\/\/europe.pyramestate.eu\/index.php?rest_route=%2Fwp%2Fv2%2Fmedia&parent=207"}],"curies":[{"name":"wp","href":"https:\/\/api.w.org\/{rel}","templated":true}]}}