{"id":102,"date":"2019-05-06T19:32:46","date_gmt":"2019-05-06T17:32:46","guid":{"rendered":"http:\/\/europe.pyramestate.eu\/?page_id=102"},"modified":"2019-10-18T20:37:47","modified_gmt":"2019-10-18T18:37:47","slug":"a-vendre-wavre","status":"publish","type":"page","link":"http:\/\/europe.pyramestate.eu\/?page_id=102","title":{"rendered":"vendu \u00e0 Wavre"},"content":{"rendered":"\n<ul class=\"wp-block-gallery columns-1 is-cropped\"><li class=\"blocks-gallery-item\"><figure><img src=\"http:\/\/europe.pyramestate.eu\/wp-content\/uploads\/2019\/05\/WavreR_01.jpg\" alt=\"\" data-id=\"103\" data-link=\"http:\/\/europe.pyramestate.eu\/?attachment_id=103\" class=\"wp-image-103\"\/><figcaption>V E N D U   !<\/figcaption><\/figure><\/li><\/ul>\n\n\n\n<p> Dans une petite avenue tranquille( on est presque \u00e0 la campagne ) et  pourtant \u00e0 proximit\u00e9 de tout : \u00e9coles, Delhaize, centre sportif, Place  Bosch ( march\u00e9 hebdomadaire). Acc\u00e8s  autoroute 411 ou route vers  Louvain-la-Neuve. <br>1<sup>er<\/sup> sur 4   \u00e9tages d&rsquo;un \u00e9l\u00e9gant b\u00e2timent \u00e0 appartements multiples construit en 2010. Deux   appartements par plateau. <br>L&rsquo;entr\u00e9e du b\u00e2timent est soign\u00e9e, petit hall coupe-froid avec  sonnettes et vid\u00e9o, second hall avec acc\u00e8s ascenseur  ou escaliers avec  \u00e9clairage automatique. <br>132  m<sup>2<\/sup> habitables,  deux bonnes chambres sur parquet  mesurant respectivement  32 et 16 m<sup>2<\/sup>, une avec sa salle de  bain et baignoire, l&rsquo;autre avec douche de type italien. Toilette s\u00e9par\u00e9e.  <br>Cuisine lumineuse \u00e9quip\u00e9e, spacieuse avec table \u00e0 d\u00e9jeuner.  Buanderie \u00e9quip\u00e9e. <br>Une terrasse sud de 4,8m  sur 1m80 sur plancher bois exotique, assez large pour y dresser une table  .  <br>Mat\u00e9riaux luxueux (tr\u00e8s beaux sols en pierre , dalles 50 sur 50cm) <br>Ch\u00e2ssis doubles vitrage modernes en  pvc,  isolants calorifiques et acoustiques. <br>Cave  de 1,5m x 2,5 . <br>On se gare facilement devant l&rsquo;immeuble.  Possibilit\u00e9 d&rsquo;acqu\u00e9rir un emplacement de parking pour 10 000\u20ac. <br>Charges communes de l&rsquo;ordre de 132 \u20ac mois, le chauffage individuel est assur\u00e9 par une chaudi\u00e8re  Vaillant r\u00e9cente, au gaz. <br>Pr\u00e9compte immobilier: 750  \u20ac. <br>Pas de travaux ni frais \u00e0 pr\u00e9voir.   Plans et photos fournis. Bien de qualit\u00e9 qui a trouv\u00e9 preneur.  <\/p>\n\n\n\n<h3 style=\"text-align:center\">Prix : 339 000 \u20ac<\/h3>\n","protected":false},"excerpt":{"rendered":"<p>Dans une petite avenue tranquille( on est presque \u00e0 la campagne ) et pourtant \u00e0 proximit\u00e9 de tout : \u00e9coles, Delhaize, centre sportif, Place Bosch ( march\u00e9 hebdomadaire). Acc\u00e8s autoroute 411 ou route vers Louvain-la-Neuve. 1er sur 4 \u00e9tages d&rsquo;un \u00e9l\u00e9gant b\u00e2timent \u00e0 appartements multiples construit en 2010. Deux appartements par plateau. L&rsquo;entr\u00e9e du b\u00e2timent &hellip; <a href=\"http:\/\/europe.pyramestate.eu\/?page_id=102\" class=\"more-link\">Continuer la lecture<span class=\"screen-reader-text\"> de &laquo;&nbsp;vendu \u00e0 Wavre&nbsp;&raquo;<\/span><\/a><\/p>\n","protected":false},"author":1,"featured_media":0,"parent":0,"menu_order":0,"comment_status":"closed","ping_status":"closed","template":"","meta":[],"_links":{"self":[{"href":"http:\/\/europe.pyramestate.eu\/index.php?rest_route=\/wp\/v2\/pages\/102"}],"collection":[{"href":"http:\/\/europe.pyramestate.eu\/index.php?rest_route=\/wp\/v2\/pages"}],"about":[{"href":"http:\/\/europe.pyramestate.eu\/index.php?rest_route=\/wp\/v2\/types\/page"}],"author":[{"embeddable":true,"href":"http:\/\/europe.pyramestate.eu\/index.php?rest_route=\/wp\/v2\/users\/1"}],"replies":[{"embeddable":true,"href":"http:\/\/europe.pyramestate.eu\/index.php?rest_route=%2Fwp%2Fv2%2Fcomments&post=102"}],"version-history":[{"count":11,"href":"http:\/\/europe.pyramestate.eu\/index.php?rest_route=\/wp\/v2\/pages\/102\/revisions"}],"predecessor-version":[{"id":151,"href":"http:\/\/europe.pyramestate.eu\/index.php?rest_route=\/wp\/v2\/pages\/102\/revisions\/151"}],"wp:attachment":[{"href":"http:\/\/europe.pyramestate.eu\/index.php?rest_route=%2Fwp%2Fv2%2Fmedia&parent=102"}],"curies":[{"name":"wp","href":"https:\/\/api.w.org\/{rel}","templated":true}]}}